{"id":1753,"date":"2025-05-23T16:27:15","date_gmt":"2025-05-23T13:27:15","guid":{"rendered":"https:\/\/milehertz.com.tr\/?page_id=1753"},"modified":"2025-05-23T17:04:20","modified_gmt":"2025-05-23T14:04:20","slug":"hydraulic-accumulators-for-industrial-construction-machines","status":"publish","type":"page","link":"https:\/\/milehertz.com.tr\/index.php\/hydraulic-accumulators-for-industrial-construction-machines\/","title":{"rendered":"Hydraulic Accumulators for Industrial &amp; Construction Machines"},"content":{"rendered":"\t\t<div data-elementor-type=\"wp-page\" data-elementor-id=\"1753\" class=\"elementor elementor-1753\">\n\t\t\t\t\t\t<section class=\"elementor-section elementor-top-section elementor-element elementor-element-697080e elementor-section-height-min-height elementor-section-boxed elementor-section-height-default elementor-section-items-middle\" data-id=\"697080e\" data-element_type=\"section\" data-e-type=\"section\" data-settings=\"{&quot;background_background&quot;:&quot;classic&quot;}\">\n\t\t\t\t\t\t<div class=\"elementor-container elementor-column-gap-default\">\n\t\t\t\t\t<div class=\"elementor-column elementor-col-50 elementor-top-column elementor-element elementor-element-06cf8c1\" data-id=\"06cf8c1\" data-element_type=\"column\" data-e-type=\"column\">\n\t\t\t<div class=\"elementor-widget-wrap elementor-element-populated\">\n\t\t\t\t\t\t<div class=\"elementor-element elementor-element-7d4e079 elementor-widget elementor-widget-heading\" data-id=\"7d4e079\" data-element_type=\"widget\" data-e-type=\"widget\" data-widget_type=\"heading.default\">\n\t\t\t\t<div class=\"elementor-widget-container\">\n\t\t\t\t\t<h2 class=\"elementor-heading-title elementor-size-default\">Hydraulic Accumulators for Industrial &amp; Construction Machines\u200b<\/h2>\t\t\t\t<\/div>\n\t\t\t\t<\/div>\n\t\t\t\t\t<\/div>\n\t\t<\/div>\n\t\t\t\t<div class=\"elementor-column elementor-col-50 elementor-top-column elementor-element elementor-element-5d0282e\" data-id=\"5d0282e\" data-element_type=\"column\" data-e-type=\"column\">\n\t\t\t<div class=\"elementor-widget-wrap elementor-element-populated\">\n\t\t\t\t\t\t<div class=\"elementor-element elementor-element-d26c154 elementor-widget elementor-widget-hfe-breadcrumbs-widget\" data-id=\"d26c154\" data-element_type=\"widget\" data-e-type=\"widget\" data-widget_type=\"hfe-breadcrumbs-widget.default\">\n\t\t\t\t<div class=\"elementor-widget-container\">\n\t\t\t\t\t<nav aria-label=\"Breadcrumb\"><ul class=\"hfe-breadcrumbs hfe-breadcrumbs-show-home\"><li class=\"hfe-breadcrumbs-item hfe-breadcrumbs-first\"><span class=\"hfe-breadcrumbs-home-icon\"><i aria-hidden=\"true\" class=\"fas fa-home\"><\/i><\/span><a href=\"https:\/\/milehertz.com.tr\"><span class=\"hfe-breadcrumbs-text\">Home<\/span><\/a><\/li><\/ul><\/nav>\t\t\t\t<\/div>\n\t\t\t\t<\/div>\n\t\t\t\t\t<\/div>\n\t\t<\/div>\n\t\t\t\t\t<\/div>\n\t\t<\/section>\n\t\t\t\t<section class=\"elementor-section elementor-top-section elementor-element elementor-element-c7649aa elementor-section-full_width elementor-section-height-default elementor-section-height-default\" data-id=\"c7649aa\" data-element_type=\"section\" data-e-type=\"section\">\n\t\t\t\t\t\t<div class=\"elementor-container elementor-column-gap-default\">\n\t\t\t\t\t<div class=\"elementor-column elementor-col-100 elementor-top-column elementor-element elementor-element-8e33b8c\" data-id=\"8e33b8c\" data-element_type=\"column\" data-e-type=\"column\">\n\t\t\t<div class=\"elementor-widget-wrap elementor-element-populated\">\n\t\t\t\t\t\t<div class=\"elementor-element elementor-element-6fd3a51 elementor-widget elementor-widget-html\" data-id=\"6fd3a51\" data-element_type=\"widget\" data-e-type=\"widget\" data-widget_type=\"html.default\">\n\t\t\t\t<div class=\"elementor-widget-container\">\n\t\t\t\t\t<div class=\"milehertz-widget\">\r\n  <style>\r\n    .milehertz-widget {\r\n      font-family: 'Poppins', sans-serif;\r\n      background: #fff;\r\n      color: #000;\r\n      max-width: 100%;\r\n      margin: 0 auto;\r\n      padding: 2rem;\r\n      border-radius: 15px;\r\n      box-shadow: 0 6px 18px rgba(0,0,0,0.1);\r\n      display: flex;\r\n      gap: 2rem;\r\n      box-sizing: border-box;\r\n      min-height: 400px;\r\n    }\r\n    \/* Men\u00fc stili *\/\r\n    .menu-bar {\r\n      flex: 0 0 220px;\r\n      background: #fff;\r\n      color: #000;\r\n      border-radius: 10px;\r\n      padding: 1rem 1.2rem;\r\n      height: fit-content;\r\n      position: sticky;\r\n      top: 2rem;\r\n      font-size: 14px;\r\n      border: 1px solid #ddd;\r\n      box-sizing: border-box;\r\n    }\r\n    .menu-bar h2 {\r\n      font-size: 16px;\r\n      margin-bottom: 1rem;\r\n      border-bottom: 1px solid #ccc;\r\n      padding-bottom: 0.5rem;\r\n      color: #000;\r\n    }\r\n    .menu-bar ul {\r\n      list-style: none;\r\n      padding-left: 0;\r\n      margin: 0;\r\n      border-top: 1px solid #eee;\r\n    }\r\n    .menu-bar li {\r\n      margin-bottom: 0;\r\n      border-bottom: 1px solid #eee;\r\n    }\r\n    .menu-bar a {\r\n      display: block;\r\n      color: #000;\r\n      text-decoration: none;\r\n      padding: 0.5rem 0;\r\n      transition: color 0.3s ease;\r\n      font-weight: 500;\r\n    }\r\n    .menu-bar a:hover {\r\n      color: #0d6efd; \/* mavi hover *\/\r\n    }\r\n    .menu-bar a.active {\r\n      color: #0d6efd;\r\n      font-weight: 700;\r\n    }\r\n\r\n    \/* \u0130\u00e7erik alan\u0131 *\/\r\n    .content-area {\r\n      flex: 1;\r\n      min-width: 0;\r\n      box-sizing: border-box;\r\n    }\r\n\r\n    .content-flex {\r\n      display: flex;\r\n      gap: 2rem;\r\n      align-items: center;\r\n      flex-wrap: wrap;\r\n    }\r\n    .content-flex img {\r\n      max-width: 600px;\r\n      max-height: 350px;\r\n      width: auto;\r\n      height: auto;\r\n      border-radius: 8px;\r\n      flex-shrink: 0;\r\n      box-shadow: 0 4px 10px rgba(0,0,0,0.1);\r\n      object-fit: contain;\r\n    }\r\n    .text-content {\r\n      flex: 1 1 280px;\r\n      min-width: 280px;\r\n    }\r\n    .list-icons {\r\n      list-style: none;\r\n      padding-left: 0;\r\n      margin-top: 1rem;\r\n    }\r\n    .list-icons li {\r\n      margin-bottom: 0.7rem;\r\n      font-weight: 600;\r\n      position: relative;\r\n      padding-left: 20px;\r\n    }\r\n    .list-icons li::before {\r\n      content: \"\u2714\";\r\n      color: #007BFF;\r\n      position: absolute;\r\n      left: 0;\r\n      top: 0;\r\n      font-weight: bold;\r\n    }\r\n    \/* Ba\u015fl\u0131klar i\u00e7in anchor hedef *\/\r\n    .section-title {\r\n      scroll-margin-top: 100px; \/* sticky menu \u00fcst\u00fcne gelince bo\u015fluk i\u00e7in *\/\r\n    }\r\n\r\n    \/* Responsive: k\u00fc\u00e7\u00fck ekranlarda menu yukar\u0131, yatay *\/\r\n    @media (max-width: 768px) {\r\n      .milehertz-widget {\r\n        flex-direction: column;\r\n        padding: 1rem;\r\n        min-height: auto;\r\n      }\r\n      .menu-bar {\r\n        flex: none;\r\n        width: 100%;\r\n        position: relative;\r\n        top: auto;\r\n        border-radius: 10px 10px 0 0;\r\n        border-bottom: none;\r\n        padding: 1rem;\r\n        display: flex;\r\n        overflow-x: auto;\r\n        white-space: nowrap;\r\n        border: 1px solid #ddd;\r\n        border-bottom: none;\r\n      }\r\n      .menu-bar h2 {\r\n        display: none; \/* k\u00fc\u00e7\u00fck ekranda gizle *\/\r\n      }\r\n      .menu-bar ul {\r\n        display: flex;\r\n        gap: 1rem;\r\n        border: none;\r\n      }\r\n      .menu-bar li {\r\n        border: none;\r\n        margin: 0;\r\n      }\r\n      .menu-bar a {\r\n        padding: 0.5rem 1rem;\r\n        white-space: nowrap;\r\n        border-radius: 6px;\r\n      }\r\n      .menu-bar a:hover {\r\n        background-color: #e7f1ff;\r\n        color: #0d6efd;\r\n      }\r\n      .menu-bar a.active {\r\n        background-color: #0d6efd;\r\n        color: #fff;\r\n        font-weight: 700;\r\n      }\r\n      .content-area {\r\n        width: 100%;\r\n        padding-top: 1rem;\r\n      }\r\n      .content-flex {\r\n        flex-direction: column;\r\n        align-items: flex-start;\r\n      }\r\n      .content-flex img {\r\n        max-width: 100%;\r\n        max-height: 250px;\r\n      }\r\n      .text-content {\r\n        min-width: auto;\r\n      }\r\n    }\r\n  <\/style>\r\n\r\n  <nav class=\"menu-bar\" id=\"sidebar-menu\">\r\n    <h2>Menu<\/h2>\r\n    <ul>\r\n      <li><a href=\"https:\/\/milehertz.com.tr\/index.php\/hidromek-f30-93505-hydraulic-accumulator\/\">HIDROMEK F30\/93505 Hydraulic Accumulator<\/a><\/li>\r\n      <li><a href=\"https:\/\/milehertz.com.tr\/index.php\/hidromek-f30-93522-hydraulic-accumulator\/\">HIDROMEK F30\/93522 Hydraulic Accumulator<\/a><\/li>\r\n      <li><a href=\"https:\/\/milehertz.com.tr\/index.php\/hyundai-81l1-0004-hydraulic-accumulator\/\">HYUNDAI 81L1-0004 Hydraulic Accumulator<\/a><\/li>\r\n      <li><a href=\"https:\/\/milehertz.com.tr\/index.php\/jcb-332-g7186-hydraulic-accumulator\/\">JCB 332\/G7186 Hydraulic Accumulator<\/a><\/li>\r\n      <li><a href=\"https:\/\/milehertz.com.tr\/index.php\/jcb-332-h3679-hydraulic-accumulator-2\/\">JCB 332\/H3679 Hydraulic Accumulator<\/a><\/li>\r\n      <li><a href=\"https:\/\/milehertz.com.tr\/index.php\/jcb-332-s9659-hydraulic-accumulator\/\">JCB 332\/S9659 Hydraulic Accumulator<\/a><\/li>\r\n      <li><a href=\"https:\/\/milehertz.com.tr\/index.php\/jcb-401-x7249-hydraulic-accumulator\/\">JCB 401\/X7249 Hydraulic Accumulator<\/a><\/li>\r\n    <\/ul>\r\n  <\/nav>\r\n\r\n  <div class=\"content-area\">\r\n    <h1 class=\"section-title\" id=\"hidromek-93505\">Authorized Distributor of Milehertz Hydraulic Accumulators<\/h1>\r\n\r\n    <div class=\"content-flex\">\r\n      <img decoding=\"async\" src=\"http:\/\/milehertz.com.tr\/wp-content\/uploads\/2025\/05\/machine.jpeg\" alt=\"Heavy Machinery with Hydraulic Accumulators\">\r\n\r\n      <div class=\"text-content\">\r\n        <p>We are proud authorized distributors of <strong>Milehertz<\/strong> hydraulic accumulators, designed for a wide range of heavy machinery including excavators, loaders, forklifts, telehandlers, and more.<\/p>\r\n\r\n        <p>Our product range covers OEM-compatible hydraulic accumulators, including bladder-type and diaphragm-type models, stainless steel diaphragm accumulators for enhanced durability, and all necessary connection equipment.<\/p>\r\n\r\n        <ul class=\"list-icons\">\r\n          <li>OEM-Number Matched Hydraulic Accumulators<\/li>\r\n          <li>Gas Charging Kits for Precise Nitrogen Filling<\/li>\r\n          <li>Spare Valves and Replacement Bladders<\/li>\r\n          <li>Durable Stainless Steel Diaphragm Accumulators<\/li>\r\n          <li>Reliable Performance for Heavy-Duty Applications<\/li>\r\n        <\/ul>\r\n      <\/div>\r\n    <\/div>\r\n  <\/div>\r\n\r\n  <script>\r\n    \/\/ Aktif men\u00fc rengini g\u00fcncellemek i\u00e7in (sayfa scrolla g\u00f6re basit)\r\n    const menuLinks = document.querySelectorAll('.menu-bar a');\r\n\r\n    function setActiveMenu() {\r\n      let scrollPosition = window.scrollY + 110; \/\/ biraz offset\r\n      menuLinks.forEach(link => {\r\n        const section = document.querySelector(link.hash);\r\n        if (section) {\r\n          if (section.offsetTop <= scrollPosition && (section.offsetTop + section.offsetHeight) > scrollPosition) {\r\n            link.classList.add('active');\r\n          } else {\r\n            link.classList.remove('active');\r\n          }\r\n        }\r\n      });\r\n    }\r\n    window.addEventListener('scroll', setActiveMenu);\r\n    window.addEventListener('load', setActiveMenu);\r\n  <\/script>\r\n<\/div>\r\n\t\t\t\t<\/div>\n\t\t\t\t<\/div>\n\t\t\t\t\t<\/div>\n\t\t<\/div>\n\t\t\t\t\t<\/div>\n\t\t<\/section>\n\t\t\t\t<\/div>\n\t\t","protected":false},"excerpt":{"rendered":"<p>Hydraulic Accumulators for Industrial &#038; Construction Machines\u200b Home Menu HIDROMEK F30\/93505 Hydraulic Accumulator HIDROMEK F30\/93522 Hydraulic Accumulator HYUNDAI 81L1-0004 Hydraulic Accumulator JCB 332\/G7186 Hydraulic Accumulator JCB 332\/H3679 Hydraulic Accumulator JCB 332\/S9659 Hydraulic Accumulator JCB 401\/X7249 Hydraulic Accumulator Authorized Distributor of Milehertz Hydraulic Accumulators We are proud authorized distributors of Milehertz hydraulic accumulators, designed for a [&hellip;]<\/p>\n","protected":false},"author":1,"featured_media":0,"parent":0,"menu_order":0,"comment_status":"closed","ping_status":"closed","template":"elementor_header_footer","meta":{"footnotes":""},"class_list":["post-1753","page","type-page","status-publish","hentry"],"jetpack_sharing_enabled":true,"rttpg_featured_image_url":null,"rttpg_author":{"display_name":"admin","author_link":"https:\/\/milehertz.com.tr\/index.php\/author\/admin\/"},"rttpg_comment":0,"rttpg_category":null,"rttpg_excerpt":"Hydraulic Accumulators for Industrial &#038; Construction Machines\u200b Home Menu HIDROMEK F30\/93505 Hydraulic Accumulator HIDROMEK F30\/93522 Hydraulic Accumulator HYUNDAI 81L1-0004 Hydraulic Accumulator JCB 332\/G7186 Hydraulic Accumulator JCB 332\/H3679 Hydraulic Accumulator JCB 332\/S9659 Hydraulic Accumulator JCB 401\/X7249 Hydraulic Accumulator Authorized Distributor of Milehertz Hydraulic Accumulators We are proud authorized distributors of Milehertz hydraulic accumulators, designed for a&hellip;","_links":{"self":[{"href":"https:\/\/milehertz.com.tr\/index.php\/wp-json\/wp\/v2\/pages\/1753","targetHints":{"allow":["GET"]}}],"collection":[{"href":"https:\/\/milehertz.com.tr\/index.php\/wp-json\/wp\/v2\/pages"}],"about":[{"href":"https:\/\/milehertz.com.tr\/index.php\/wp-json\/wp\/v2\/types\/page"}],"author":[{"embeddable":true,"href":"https:\/\/milehertz.com.tr\/index.php\/wp-json\/wp\/v2\/users\/1"}],"replies":[{"embeddable":true,"href":"https:\/\/milehertz.com.tr\/index.php\/wp-json\/wp\/v2\/comments?post=1753"}],"version-history":[{"count":7,"href":"https:\/\/milehertz.com.tr\/index.php\/wp-json\/wp\/v2\/pages\/1753\/revisions"}],"predecessor-version":[{"id":1764,"href":"https:\/\/milehertz.com.tr\/index.php\/wp-json\/wp\/v2\/pages\/1753\/revisions\/1764"}],"wp:attachment":[{"href":"https:\/\/milehertz.com.tr\/index.php\/wp-json\/wp\/v2\/media?parent=1753"}],"curies":[{"name":"wp","href":"https:\/\/api.w.org\/{rel}","templated":true}]}}